{"id":250,"date":"2024-10-28T10:28:22","date_gmt":"2024-10-28T10:28:22","guid":{"rendered":"https:\/\/solartfestival.com\/?page_id=250"},"modified":"2024-10-28T10:30:20","modified_gmt":"2024-10-28T10:30:20","slug":"politica-de-cookies","status":"publish","type":"page","link":"https:\/\/solartfestival.com\/it\/politica-de-cookies\/","title":{"rendered":"Politica sui Cookie"},"content":{"rendered":"<div data-elementor-type=\"wp-page\" data-elementor-id=\"250\" class=\"elementor elementor-250\" data-elementor-post-type=\"page\">\n\t\t\t\t<div class=\"elementor-element elementor-element-967005c e-flex e-con-boxed e-con e-parent\" data-id=\"967005c\" data-element_type=\"container\" data-e-type=\"container\" data-settings=\"{&quot;background_background&quot;:&quot;classic&quot;}\">\n\t\t\t\t\t<div class=\"e-con-inner\">\n\t\t\t\t<div class=\"elementor-element elementor-element-52f1678 agl agl-fadeCSSUp agl-in-duration-1000 agl-in-delay-0 agl-in-distance-1 elementor-widget elementor-widget-heading\" data-id=\"52f1678\" data-element_type=\"widget\" data-e-type=\"widget\" data-settings=\"{&quot;agl_in_name&quot;:&quot;fadeCSS&quot;,&quot;agl_in_direction&quot;:&quot;Up&quot;,&quot;agl_in_duration&quot;:{&quot;unit&quot;:&quot;ms&quot;,&quot;size&quot;:1000,&quot;sizes&quot;:[]},&quot;agl_in_delay&quot;:{&quot;unit&quot;:&quot;ms&quot;,&quot;size&quot;:0,&quot;sizes&quot;:[]},&quot;agl_in_distance&quot;:{&quot;unit&quot;:&quot;ms&quot;,&quot;size&quot;:1,&quot;sizes&quot;:[]},&quot;agl_in_repeat&quot;:&quot;no&quot;,&quot;agl_in_lockToScrollbar&quot;:&quot;no&quot;}\" data-widget_type=\"heading.default\">\n\t\t\t\t\t<h1 class=\"elementor-heading-title elementor-size-default\">POLITICA DI <br>COCCOLE<\/h1>\t\t\t\t<\/div>\n\t\t<div class=\"elementor-element elementor-element-e9e5a8d e-con-full e-flex e-con e-child\" data-id=\"e9e5a8d\" data-element_type=\"container\" data-e-type=\"container\" data-settings=\"{&quot;background_background&quot;:&quot;classic&quot;}\">\n\t\t\t\t<div class=\"elementor-element elementor-element-414b5b9 elementor-widget elementor-widget-text-editor\" data-id=\"414b5b9\" data-element_type=\"widget\" data-e-type=\"widget\" data-widget_type=\"text-editor.default\">\n\t\t\t\t\t\t\t\t\t<p><span style=\"color: #000000;\">Questo sito web utilizza cookie propri e di terze parti per offrirvi una migliore esperienza di navigazione, per condividere i contenuti sui social network e per consentirci di ottenere statistiche sugli utenti.<\/span><br \/><br \/><span style=\"color: #000000;\">\u00c8 possibile impedire il download dei cookie attraverso le impostazioni del browser, evitando che vengano memorizzati sul dispositivo.<\/span><br \/><br \/><span style=\"color: #000000;\">In qualit\u00e0 di proprietario di questo sito web, desidero informarvi che non utilizziamo alcuna informazione personale dai cookie, ma effettuiamo solo statistiche generali delle visite che non coinvolgono alcuna informazione personale.<\/span><br \/><br \/><span style=\"color: #000000;\">\u00c8 molto importante che l'utente legga la presente informativa sui cookie e comprenda che, continuando la navigazione, si riterr\u00e0 che ne accetti l'utilizzo.<\/span><br \/><br \/><span style=\"color: #000000;\">Ai sensi dell'articolo 22.2 della Legge 34\/2002 sui Servizi della Societ\u00e0 dell'Informazione e del Commercio Elettronico, se continuate a navigare, darete il vostro consenso all'utilizzo dei suddetti meccanismi.<\/span><\/p><h3><span style=\"color: #000000;\">Ente responsabile<\/span><\/h3><p class=\"ng-binding\"><span style=\"color: #000000;\">Il responsabile della raccolta, del trattamento e dell'utilizzo dei dati personali dell'utente ai sensi della legge sulla protezione dei dati personali \u00e8 il sito web SOLART FESTIVAL, di propriet\u00e0 di - Mulan 79 Las Palmas 35118.<\/span><\/p><h3><span style=\"color: #000000;\">Cosa sono i biscotti?<\/span><\/h3><p><span style=\"color: #000000;\">I cookie sono un insieme di dati che un server deposita nel browser dell'utente per raccogliere informazioni standard di log di Internet e informazioni sul comportamento dei visitatori di un sito web. In altre parole, si tratta di piccoli file di testo che vengono memorizzati sul disco rigido del computer e utilizzati per identificare l'utente quando si collega nuovamente al sito web. Il loro scopo \u00e8 quello di registrare la visita dell'utente e di memorizzare alcune informazioni. Il loro uso \u00e8 comune e frequente sul web, in quanto consentono un funzionamento pi\u00f9 efficiente delle pagine e una maggiore personalizzazione e analisi del comportamento degli utenti.<\/span><\/p><h3><span style=\"color: #000000;\">Quali tipi di cookie esistono?<\/span><\/h3><p><span style=\"color: #000000;\">I cookie utilizzati sul nostro sito web sono di sessione e di terze parti e ci consentono di memorizzare e accedere a informazioni relative alla lingua, al tipo di browser utilizzato e ad altre caratteristiche generali predefinite dall'utente, nonch\u00e9 di monitorare e analizzare l'attivit\u00e0 svolta, con l'obiettivo di introdurre miglioramenti e fornire i nostri servizi in modo pi\u00f9 efficiente e personalizzato.<\/span><br \/><br \/><\/p><p class=\"ng-binding\"><span style=\"color: #000000;\">I cookie, a seconda della loro permanenza, possono essere suddivisi in cookie di sessione o permanenti. Quelli che scadono quando l'utente chiude il browser. Quelli che scadono a seconda del raggiungimento dello scopo per cui vengono utilizzati (ad esempio, per consentire all'utente di rimanere identificato nei servizi) o quando vengono cancellati manualmente.<\/span><\/p><p>\u00a0<\/p><table border=\"0\" width=\"100%\" cellpadding=\"15\"><tbody><tr><td><span style=\"color: #000000;\">Nome<\/span><\/td><td><span style=\"color: #000000;\">Tipo<\/span><\/td><td><span style=\"color: #000000;\">Scadenza<\/span><\/td><td><span style=\"color: #000000;\">Scopo<\/span><\/td><td><span style=\"color: #000000;\">Classe<\/span><\/td><\/tr><tr><td><span style=\"color: #000000;\">__utma<\/span><\/td><td><span style=\"color: #000000;\">Da terze parti (Google Analytics)<\/span><\/td><td><span style=\"color: #000000;\">2 anni<\/span><\/td><td><span style=\"color: #000000;\">Utilizzato per distinguere gli utenti e le sessioni.<\/span><\/td><td><span style=\"color: #000000;\">Non esente<\/span><\/td><\/tr><tr><td><span style=\"color: #000000;\">__utmb<\/span><\/td><td><span style=\"color: #000000;\">Da terze parti (Google Analytics)<\/span><\/td><td><span style=\"color: #000000;\">30 minuti<\/span><\/td><td><span style=\"color: #000000;\">Utilizzato per determinare nuove sessioni o visite<\/span><\/td><td><span style=\"color: #000000;\">Non esente<\/span><\/td><\/tr><tr><td><span style=\"color: #000000;\">__utmc<\/span><\/td><td><span style=\"color: #000000;\">Da terze parti (Google Analytics)<\/span><\/td><td><span style=\"color: #000000;\">Al termine della sessione<\/span><\/td><td><span style=\"color: #000000;\">Configurato per l'uso con Urchin<\/span><\/td><td><span style=\"color: #000000;\">Non esente<\/span><\/td><\/tr><tr><td><span style=\"color: #000000;\">__utmz<\/span><\/td><td><span style=\"color: #000000;\">Da terze parti (Google Analytics)<\/span><\/td><td><span style=\"color: #000000;\">6 mesi<\/span><\/td><td><span style=\"color: #000000;\">Memorizza l'origine o la campagna che spiega come l'utente \u00e8 arrivato al sito<\/span><\/td><td><span style=\"color: #000000;\">Non esente<\/span><\/td><\/tr><\/tbody><\/table><p class=\"ng-binding\"><span style=\"color: #000000;\">Inoltre, in base al loro scopo, i cookie possono essere classificati come segue:<\/span><\/p><h3><span style=\"color: #000000;\">Cookie di prestazione<\/span><\/h3><p><span style=\"color: #000000;\">Questo tipo di cookie ricorda le preferenze dell'utente per gli strumenti presenti nei servizi, in modo che non debba riconfigurare il servizio a ogni visita. A titolo di esempio, questo tipo di cookie include: Impostazioni del volume per i lettori video o audio. Velocit\u00e0 di streaming video compatibile con il vostro browser. Articoli salvati nel \"carrello\" nei servizi di e-commerce come i negozi.<\/span><\/p><h3><span style=\"color: #000000;\">Cookie di geo-localizzazione<\/span><\/h3><p><span style=\"color: #000000;\">Questi cookie vengono utilizzati per sapere in quale paese vi trovate quando richiedete un servizio. Questo cookie \u00e8 completamente anonimo e viene utilizzato solo per indirizzare i contenuti verso la vostra posizione.<\/span><\/p><h3><span style=\"color: #000000;\">Cookie di registrazione<\/span><\/h3><p><span style=\"color: #000000;\">I cookie di registrazione vengono generati una volta che l'utente si \u00e8 registrato o ha successivamente effettuato il login e vengono utilizzati per identificare l'utente nei servizi per i seguenti scopi:<\/span><\/p><p><span style=\"color: #000000;\">Mantenere l'identificazione dell'utente in modo che, se si chiude un servizio, il browser o il computer e in un altro momento o in un altro giorno si accede nuovamente a quel servizio, l'utente continuer\u00e0 a essere identificato, facilitando cos\u00ec la navigazione senza doversi identificare nuovamente. Questa funzionalit\u00e0 pu\u00f2 essere eliminata se l'utente fa clic sulla funzione [chiudi sessione], in modo che questo cookie venga cancellato e la prossima volta che l'utente accede al servizio dovr\u00e0 effettuare il login per essere identificato.<\/span><\/p><p><span style=\"color: #000000;\">Verificare se l'utente \u00e8 autorizzato ad accedere a determinati servizi, ad esempio per partecipare a un concorso.<\/span><\/p><p><span style=\"color: #000000;\">Inoltre, alcuni servizi possono utilizzare connettori con social network come Facebook o Twitter. Quando l'utente si registra a un servizio con le credenziali di un social network, autorizza il social network a memorizzare un cookie persistente che ricorda la sua identit\u00e0 e garantisce l'accesso ai servizi fino alla sua scadenza. L'utente pu\u00f2 cancellare questo cookie e revocare l'accesso ai servizi attraverso i social network aggiornando le proprie preferenze sul social network specifico.<\/span><\/p><h3><span style=\"color: #000000;\">Cookie analitici<\/span><\/h3><p class=\"ng-binding\"><span style=\"color: #000000;\">Ogni volta che un utente visita un servizio, uno strumento di un fornitore esterno genera un cookie analitico sul computer dell'utente. Questo cookie, che viene generato solo durante la visita, sar\u00e0 utilizzato durante le future visite ai servizi per identificare in modo anonimo il visitatore. I principali obiettivi perseguiti sono:<\/span><\/p><p><span style=\"color: #000000;\">Consentire l'identificazione anonima degli utenti che navigano attraverso il cookie (identifica browser e dispositivi, non persone) e quindi il conteggio approssimativo del numero di visitatori e del loro andamento nel tempo.<\/span><br \/><span style=\"color: #000000;\">Identificare in modo anonimo i contenuti pi\u00f9 visitati e quindi pi\u00f9 attraenti per gli utenti Sapere se l'utente che accede \u00e8 nuovo o un visitatore abituale.<\/span><\/p><p class=\"ng-binding\"><span style=\"color: #000000;\">Importante: a meno che l'utente non decida di registrarsi per un servizio, il cookie non sar\u00e0 mai associato a nessun dato personale che possa identificare l'utente. Questi cookie vengono utilizzati solo a fini statistici per ottimizzare l'esperienza dell'utente sul sito.<\/span><\/p><h3><span style=\"color: #000000;\">Cookie pubblicitari<\/span><\/h3><p class=\"ng-binding\"><span style=\"color: #000000;\">Questo tipo di cookie consente di estendere le informazioni degli annunci pubblicitari mostrati a ciascun utente anonimo nei servizi di . Tra le altre cose, memorizzano la durata o la frequenza di visualizzazione delle posizioni pubblicitarie, l'interazione con esse o i modelli di navigazione e\/o il comportamento dell'utente, in quanto contribuiscono a creare un profilo di interesse pubblicitario. In questo modo, consentono di offrire pubblicit\u00e0 in linea con gli interessi dell'utente.<\/span><\/p><h3><span style=\"color: #000000;\">Cookie pubblicitari di terze parti<\/span><\/h3><p class=\"ng-binding\"><span style=\"color: #000000;\">Oltre alla pubblicit\u00e0 gestita dai siti web de nei loro servizi, i siti web de offrono ai loro inserzionisti la possibilit\u00e0 di servire pubblicit\u00e0 attraverso terzi (\"Ad-Server\"). In questo modo, queste terze parti possono memorizzare i cookie inviati dagli Ad-Server dai browser degli utenti e accedere ai dati in essi memorizzati.<\/span><\/p><p class=\"ng-binding\"><span style=\"color: #000000;\">Le aziende che generano questi cookie hanno le proprie politiche sulla privacy. Attualmente, i siti web di Google utilizzano la piattaforma Doubleclick (Google) per gestire questi servizi. Per ulteriori informazioni, visitare il sito<\/span><\/p><p><span style=\"color: #000000;\"><a style=\"color: #000000;\" href=\"https:\/\/www.google.es\/policies\/privacy\/ads\/#toc-doubleclick\" target=\"_blank\" rel=\"noopener\">http:\/\/www.google.es\/policies\/privacy\/ads\/#toc-doubleclick<\/a>\u00a0e a\u00a0<a style=\"color: #000000;\" href=\"https:\/\/www.google.es\/policies\/privacy\/ads\/\" target=\"_blank\" rel=\"noopener\">http:\/\/www.google.es\/policies\/privacy\/ads\/<\/a>.<\/span><\/p><h3><span style=\"color: #000000;\">Come posso disabilitare i cookie nel mio browser?<\/span><\/h3><p><span style=\"color: #000000;\">I diversi browser possono essere configurati in modo da avvisare l'utente della ricezione dei cookie e, se lo si desidera, impedirne l'installazione sul computer. Allo stesso modo, l'utente pu\u00f2 controllare nel proprio browser quali cookie ha installato e la loro data di scadenza, e pu\u00f2 cancellarli.<\/span><\/p><p><span style=\"color: #000000;\">Per ulteriori informazioni, consultare le istruzioni e i manuali del browser:<\/span><\/p><p><span style=\"color: #000000;\">Per ulteriori informazioni sulla gestione dei cookie in Google Chrome:\u00a0<a style=\"color: #000000;\" href=\"https:\/\/support.google.com\/chrome\/answer\/95647?hl=es\" target=\"_blank\" rel=\"noopener\">https:\/\/support.google.com\/chrome\/answer\/95647?hl=es<\/a><\/span><\/p><p><span style=\"color: #000000;\">Per ulteriori informazioni sulla gestione dei cookie in Internet Explorer:\u00a0<a style=\"color: #000000;\" href=\"http:\/\/windows.microsoft.com\/es-es\/windows-vista\/cookies-frequently-asked-questions\" target=\"_blank\" rel=\"noopener\">http:\/\/windows.microsoft.com\/es-es\/windows-vista\/cookies-frequently-asked-questions<\/a><\/span><\/p><p><span style=\"color: #000000;\">Per ulteriori informazioni sulla gestione dei cookie in Mozilla Firefox:\u00a0<a style=\"color: #000000;\" href=\"http:\/\/support.mozilla.org\/es\/kb\/habilitar-y-deshabilitar-cookies-que-los-sitios-we%20\" target=\"_blank\" rel=\"noopener\">http:\/\/support.mozilla.org\/es\/kb\/habilitar-y-deshabilitar-cookies-que-los-sitios-we<\/a><\/span><\/p><p><span style=\"color: #000000;\">Per ulteriori informazioni sulla gestione dei cookie in Safari:\u00a0<a style=\"color: #000000;\" href=\"http:\/\/www.apple.com\/es\/privacy\/use-of-cookies\/%20\" target=\"_blank\" rel=\"noopener\">http:\/\/www.apple.com\/es\/privacy\/use-of-cookies\/<\/a><\/span><\/p><p><span style=\"color: #000000;\">Per ulteriori informazioni su come gestire i cookie in Opera:\u00a0<a style=\"color: #000000;\" href=\"http:\/\/help.opera.com\/Windows\/11.50\/es-ES\/cookies.html\" target=\"_blank\" rel=\"noopener\">http:\/\/help.opera.com\/Windows\/11.50\/es-ES\/cookies.html<\/a><\/span><\/p><p><span style=\"color: #000000;\">Se desiderate non essere pi\u00f9 tracciati da Google Analytics, visitate il sito:\u00a0<a style=\"color: #000000;\" href=\"https:\/\/tools.google.com\/dlpage\/gaoptout\" target=\"_blank\" rel=\"noopener\">http:\/\/tools.google.com\/dlpage\/gaoptout<\/a><\/span><\/p><h3><span style=\"color: #000000;\">Per saperne di pi\u00f9 sui cookie<\/span><\/h3><p><span style=\"color: #000000;\">Per saperne di pi\u00f9 sulla pubblicit\u00e0 comportamentale online e sulla privacy online, potete consultare il seguente link:\u00a0<a style=\"color: #000000;\" href=\"http:\/\/www.youronlinechoices.com\/es\/\" target=\"_blank\" rel=\"noopener\">http:\/\/www.youronlinechoices.com\/es\/<\/a><\/span><\/p><p><span style=\"color: #000000;\">Protezione dei dati di Google Analytics:\u00a0<a style=\"color: #000000;\" href=\"https:\/\/www.google.com\/analytics\/learn\/privacy.html\" target=\"_blank\" rel=\"noopener\">http:\/\/www.google.com\/analytics\/learn\/privacy.html<\/a><\/span><\/p><p><span style=\"color: #000000;\">Come Google Analytics utilizza i cookie:\u00a0<a style=\"color: #000000;\" href=\"https:\/\/developers.google.com\/analytics\/devguides\/collection\/analyticsjs\/cookie-usage?hl=es#analyticsjs\" target=\"_blank\" rel=\"noopener\">https:\/\/developers.google.com\/analytics\/devguides\/collection\/analyticsjs\/cookie-usage?hl=es#analyticsjs<\/a><\/span><\/p><h3><span style=\"color: #000000;\">Aggiornamenti e modifiche all'informativa sulla privacy\/cookie<\/span><\/h3><p class=\"ng-binding\"><span style=\"color: #000000;\">I siti web di possono modificare la presente Politica sui cookie in base a requisiti legislativi o normativi, o al fine di adeguarla alle istruzioni emanate dall'Agenzia spagnola per la protezione dei dati, pertanto si consiglia agli utenti di visitarla periodicamente.<\/span><\/p>\t\t\t\t\t\t\t\t<\/div>\n\t\t\t\t<\/div>\n\t\t\t\t\t<\/div>\n\t\t\t\t<\/div>\n\t\t\t\t<\/div>","protected":false},"excerpt":{"rendered":"<p>COOKIE POLICY Questo sito web utilizza cookie propri e di terze parti per garantire una migliore esperienza di navigazione, per condividere contenuti sui social network e per ottenere statistiche sugli utenti. \u00c8 possibile impedire il download dei cookie attraverso le impostazioni del browser, impedendo ai cookie di [...]<\/p>","protected":false},"author":1,"featured_media":0,"parent":0,"menu_order":0,"comment_status":"closed","ping_status":"closed","template":"","meta":{"inline_featured_image":false,"footnotes":""},"class_list":["post-250","page","type-page","status-publish","hentry"],"_links":{"self":[{"href":"https:\/\/solartfestival.com\/it\/wp-json\/wp\/v2\/pages\/250","targetHints":{"allow":["GET"]}}],"collection":[{"href":"https:\/\/solartfestival.com\/it\/wp-json\/wp\/v2\/pages"}],"about":[{"href":"https:\/\/solartfestival.com\/it\/wp-json\/wp\/v2\/types\/page"}],"author":[{"embeddable":true,"href":"https:\/\/solartfestival.com\/it\/wp-json\/wp\/v2\/users\/1"}],"replies":[{"embeddable":true,"href":"https:\/\/solartfestival.com\/it\/wp-json\/wp\/v2\/comments?post=250"}],"version-history":[{"count":7,"href":"https:\/\/solartfestival.com\/it\/wp-json\/wp\/v2\/pages\/250\/revisions"}],"predecessor-version":[{"id":258,"href":"https:\/\/solartfestival.com\/it\/wp-json\/wp\/v2\/pages\/250\/revisions\/258"}],"wp:attachment":[{"href":"https:\/\/solartfestival.com\/it\/wp-json\/wp\/v2\/media?parent=250"}],"curies":[{"name":"wp","href":"https:\/\/api.w.org\/{rel}","templated":true}]}}