{"id":232,"date":"2024-10-28T10:18:03","date_gmt":"2024-10-28T10:18:03","guid":{"rendered":"https:\/\/solartfestival.com\/?page_id=232"},"modified":"2024-10-28T10:24:05","modified_gmt":"2024-10-28T10:24:05","slug":"aviso-legal","status":"publish","type":"page","link":"https:\/\/solartfestival.com\/it\/aviso-legal\/","title":{"rendered":"Avviso Legale"},"content":{"rendered":"<div data-elementor-type=\"wp-page\" data-elementor-id=\"232\" class=\"elementor elementor-232\" data-elementor-post-type=\"page\">\n\t\t\t\t<div class=\"elementor-element elementor-element-967005c e-flex e-con-boxed e-con e-parent\" data-id=\"967005c\" data-element_type=\"container\" data-e-type=\"container\" data-settings=\"{&quot;background_background&quot;:&quot;classic&quot;}\">\n\t\t\t\t\t<div class=\"e-con-inner\">\n\t\t\t\t<div class=\"elementor-element elementor-element-52f1678 agl agl-fadeCSSUp agl-in-duration-1000 agl-in-delay-0 agl-in-distance-1 elementor-widget elementor-widget-heading\" data-id=\"52f1678\" data-element_type=\"widget\" data-e-type=\"widget\" data-settings=\"{&quot;agl_in_name&quot;:&quot;fadeCSS&quot;,&quot;agl_in_direction&quot;:&quot;Up&quot;,&quot;agl_in_duration&quot;:{&quot;unit&quot;:&quot;ms&quot;,&quot;size&quot;:1000,&quot;sizes&quot;:[]},&quot;agl_in_delay&quot;:{&quot;unit&quot;:&quot;ms&quot;,&quot;size&quot;:0,&quot;sizes&quot;:[]},&quot;agl_in_distance&quot;:{&quot;unit&quot;:&quot;ms&quot;,&quot;size&quot;:1,&quot;sizes&quot;:[]},&quot;agl_in_repeat&quot;:&quot;no&quot;,&quot;agl_in_lockToScrollbar&quot;:&quot;no&quot;}\" data-widget_type=\"heading.default\">\n\t\t\t\t\t<h1 class=\"elementor-heading-title elementor-size-default\">AVVISO <br>LEGALE<\/h1>\t\t\t\t<\/div>\n\t\t<div class=\"elementor-element elementor-element-e9e5a8d e-con-full e-flex e-con e-child\" data-id=\"e9e5a8d\" data-element_type=\"container\" data-e-type=\"container\" data-settings=\"{&quot;background_background&quot;:&quot;classic&quot;}\">\n\t\t\t\t<div class=\"elementor-element elementor-element-414b5b9 elementor-widget elementor-widget-text-editor\" data-id=\"414b5b9\" data-element_type=\"widget\" data-e-type=\"widget\" data-widget_type=\"text-editor.default\">\n\t\t\t\t\t\t\t\t\t<h3>I. INFORMAZIONI GENERALI<\/h3><p>In ottemperanza all'obbligo di informazione previsto dalla Legge 34\/2002 sui Servizi della Societ\u00e0 dell'Informazione e del Commercio Elettronico (LSSI-CE) dell'11 luglio, si forniscono di seguito le informazioni generali su questo sito web:<\/p><p class=\"\">La propriet\u00e0 di questo sito web,\u00a0<span class=\"blanc-space ng-binding\">https:\/\/solartfestival.com\/<\/span>(di seguito Sito Web) \u00e8 detenuto da: , titolare del codice fiscale (NIF):\u00a0<span class=\"blanc-space ng-binding\">B19746825<\/span>\u00a0e registrata a: con i seguenti dati di registrazione: , il cui rappresentante \u00e8:\u00a0<span class=\"blanc-space ng-binding\">MR IBIZA SL<\/span>e i cui dati di contatto sono<\/p><p>Indirizzo:\u00a0<span class=\"blanc-space ng-binding\">Mulan 79 Las Palmas 35118<\/span><\/p><p>Numero di telefono di contatto:\u00a0<span class=\"blanc-space ng-binding\">620 83 02 45<\/span><\/p><p>Email di contatto:\u00a0<span class=\"blanc-space ng-binding\">mr.ibizavape@gmail.com<\/span><\/p><h3>II. TERMINI E CONDIZIONI GENERALI DI UTILIZZO<\/h3><h4>L'oggetto dei termini e delle condizioni: Il sito web<\/h4><p>Le presenti Condizioni Generali d'Uso (di seguito, Condizioni) hanno lo scopo di regolamentare l'accesso e l'utilizzo del Sito. Ai fini delle presenti Condizioni, per Sito Web si intende: l'aspetto esterno delle interfacce dello schermo, sia statiche che dinamiche, ovvero l'albero di navigazione; e tutti gli elementi integrati sia nelle interfacce dello schermo che nell'albero di navigazione (di seguito, Contenuti) e tutti i servizi o le risorse online che possono essere offerti agli Utenti (di seguito, Servizi).<\/p><p><span class=\"blanc-space ng-binding\">FESTIVAL SOLART<\/span>\u00a0si riserva il diritto di modificare, in qualsiasi momento e senza preavviso, la presentazione e la configurazione del Sito Web e dei Contenuti e Servizi che possono essere incorporati. L'Utente riconosce e accetta che in qualsiasi momento\u00a0<span class=\"blanc-space ng-binding\">FESTIVAL SOLART<\/span>\u00a0pu\u00f2 interrompere, disattivare e\/o annullare uno qualsiasi di questi elementi integrati nel Sito web o l'accesso ad essi.<\/p><p class=\"\">L'accesso al Sito da parte dell'Utente \u00e8 libero e, di norma, gratuito, senza che l'Utente debba fornire alcun corrispettivo per usufruirne, fatta eccezione per il costo della connessione attraverso la rete di telecomunicazioni fornita dal fornitore di accesso contrattato dall'Utente.<\/p><p class=\"\">L'uso del Contenuto non richiede alcun abbonamento o registrazione preventiva.<\/p><h4>L'utente<\/h4><p>L'accesso, la navigazione e l'utilizzo del Sito conferiscono la condizione di Utente e pertanto, dal momento in cui inizia la navigazione del Sito, l'Utente accetta tutte le Condizioni qui stabilite, nonch\u00e9 le eventuali successive modifiche, fatta salva l'applicazione delle corrispondenti norme di legge che devono essere rispettate a seconda dei casi. Data la rilevanza di quanto sopra, si raccomanda all'Utente di leggerle ogni volta che visita il Sito.<\/p><p>Il sito web di\u00a0<span class=\"blanc-space ng-binding\">FESTIVAL SOLART<\/span>\u00a0fornisce un'ampia gamma di informazioni, servizi e dati. L'Utente si assume la responsabilit\u00e0 del corretto utilizzo del Sito. Tale responsabilit\u00e0 si estende a:<\/p><ul><li>Un utilizzo delle informazioni, dei Contenuti e\/o dei Servizi e dei dati offerti da\u00a0<span class=\"blanc-space ng-binding\">FESTIVAL SOLART<\/span>\u00a0senza essere contrari alle disposizioni delle presenti Condizioni, alla Legge, al buon costume o all'ordine pubblico, o che in qualsiasi altro modo possano essere lesivi dei diritti di terzi o del funzionamento del Sito.<\/li><li>La veridicit\u00e0 e la legalit\u00e0 delle informazioni fornite dall'Utente sui moduli forniti da\u00a0<span class=\"blanc-space ng-binding\">FESTIVAL SOLART<\/span>\u00a0per l'accesso a determinati Contenuti o Servizi offerti dal Sito Web. In ogni caso, l'Utente dovr\u00e0 immediatamente notificare a\u00a0<span class=\"blanc-space ng-binding\">FESTIVAL SOLART<\/span>\u00a0su qualsiasi evento che consenta l'uso improprio delle informazioni registrate in tali moduli, quali, a titolo esemplificativo e non esaustivo, il furto, lo smarrimento o l'accesso non autorizzato a identificativi e\/o password, al fine di procedere alla loro immediata cancellazione.<\/li><\/ul><p>Il mero accesso a questo sito web non implica alcun tipo di rapporto commerciale tra\u00a0<span class=\"blanc-space ng-binding\">FESTIVAL SOLART<\/span>\u00a0e l'utente.<\/p><p class=\"\">L'Utente dichiara di essere maggiorenne e di avere la capacit\u00e0 giuridica sufficiente per essere vincolato dalle presenti Condizioni. Pertanto, questo sito web di\u00a0<span class=\"blanc-space ng-binding\">FESTIVAL SOLART<\/span>\u00a0non \u00e8 destinato ai minori.\u00a0<span class=\"blanc-space ng-binding\">FESTIVAL SOLART<\/span>\u00a0declina ogni responsabilit\u00e0 per la mancata osservanza di questo requisito.<\/p><h3>III. ACCESSO E NAVIGAZIONE SUL SITO WEB: ESCLUSIONE DI GARANZIE E RESPONSABILIT\u00c0<\/h3><p><span class=\"blanc-space ng-binding\">FESTIVAL SOLART<\/span>\u00a0non garantisce la continuit\u00e0, la disponibilit\u00e0 e l'utilit\u00e0 del Sito, n\u00e9 dei Contenuti o dei Servizi.\u00a0<span class=\"blanc-space ng-binding\">FESTIVAL SOLART<\/span>\u00a0si impegner\u00e0 al massimo per garantire il buon funzionamento del Sito, ma non fornisce alcuna dichiarazione o garanzia che l'accesso al Sito sia ininterrotto o privo di errori.<\/p><p>Inoltre, non si assume alcuna responsabilit\u00e0 o garanzia che il contenuto o il software a cui si pu\u00f2 accedere attraverso questo Sito sia privo di errori o provochi danni al sistema informatico dell'Utente (software e hardware). In nessun caso\u00a0<span class=\"blanc-space ng-binding\">FESTIVAL SOLART<\/span>\u00a0sar\u00e0 responsabile per qualsiasi perdita, danno o pregiudizio di qualsiasi tipo derivante dall'accesso, dalla navigazione e dall'utilizzo del Sito, compresi, a titolo esemplificativo e non esaustivo, perdite, danni o pregiudizi causati ai sistemi informatici o causati dall'introduzione di virus.<\/p><p><span class=\"blanc-space ng-binding\">FESTIVAL SOLART<\/span>\u00a0non potr\u00e0 essere ritenuta responsabile per eventuali danni causati agli utenti a causa di un uso improprio del Sito. In particolare, non sar\u00e0 responsabile in alcun modo di eventuali guasti, interruzioni, errori o difetti di telecomunicazione che potrebbero verificarsi.<\/p><h3>IV. POLITICA DI COLLEGAMENTO<\/h3><p><span class=\"blanc-space ng-binding\">FESTIVAL SOLART<\/span>\u00a0non offre o commercializza, direttamente o tramite terzi, i prodotti e\/o i servizi disponibili su tali siti collegati.<\/p><p>L'Utente o il terzo che effettua un collegamento ipertestuale da una pagina web di un altro sito web, diverso, al sito web di\u00a0<span class=\"blanc-space ng-binding\">FESTIVAL SOLART<\/span>\u00a0dovrebbe sapere che:<\/p><p>Nessuno dei Contenuti e\/o Servizi del Sito pu\u00f2 essere riprodotto, in tutto o in parte, senza l'espressa autorizzazione di\u00a0<span class=\"blanc-space ng-binding\">FESTIVAL SOLART<\/span>.<\/p><p>Nessuna dichiarazione falsa, imprecisa o inesatta sul sito web di\u00a0<span class=\"blanc-space ng-binding\">FESTIVAL SOLART<\/span>n\u00e9 sui Contenuti e\/o Servizi dello stesso.<\/p><p>Ad eccezione del collegamento ipertestuale, il sito web sul quale viene stabilito il collegamento ipertestuale non conterr\u00e0 alcun elemento di questo sito web che sia protetto come propriet\u00e0 intellettuale dalla legge spagnola, a meno che non sia espressamente autorizzato da\u00a0<span class=\"blanc-space ng-binding\">FESTIVAL SOLART<\/span>.<\/p><p>La creazione del collegamento ipertestuale non implica l'esistenza di rapporti tra\u00a0<span class=\"blanc-space ng-binding\">FESTIVAL SOLART<\/span>\u00a0e il proprietario del sito web dal quale viene effettuata, n\u00e9 la conoscenza e l'accettazione di\u00a0<span class=\"blanc-space ng-binding\">FESTIVAL SOLART<\/span>\u00a0dei contenuti, dei servizi e\/o delle attivit\u00e0 offerte su tale sito web, e viceversa.<\/p><h3>V. PROPRIET\u00c0 INTELLETTUALE E INDUSTRIALE<\/h3><p><span class=\"blanc-space ng-binding\">FESTIVAL SOLART<\/span>\u00a0da solo o in qualit\u00e0 di cessionario, \u00e8 titolare di tutti i diritti di propriet\u00e0 intellettuale e industriale del Sito web, nonch\u00e9 degli elementi in esso contenuti (tra cui, a titolo esemplificativo e non esaustivo, immagini, suoni, audio, video, software o testi, marchi o loghi, combinazioni di colori, struttura e design, selezione dei materiali utilizzati, programmi informatici necessari al suo funzionamento, accesso e utilizzo, ecc.) Si tratta, pertanto, di opere protette come propriet\u00e0 intellettuale dall'ordinamento giuridico spagnolo, essendo ad esse applicabili sia la normativa spagnola e comunitaria in materia, sia i trattati internazionali relativi alla materia e sottoscritti dalla Spagna.<\/p><p>Tutti i diritti riservati. In conformit\u00e0 con le disposizioni della Legge sulla Propriet\u00e0 Intellettuale, la riproduzione, la distribuzione e la comunicazione pubblica, compresa la messa a disposizione, di tutto o parte del contenuto di questo sito web, a fini commerciali, su qualsiasi supporto e con qualsiasi mezzo tecnico, sono espressamente vietate senza l'autorizzazione di\u00a0<span class=\"blanc-space ng-binding\">FESTIVAL SOLART<\/span>.<\/p><p>L'Utente si impegna a rispettare i diritti di propriet\u00e0 intellettuale e industriale di\u00a0<span class=\"blanc-space ng-binding\">FESTIVAL SOLART<\/span>. L'Utente pu\u00f2 visualizzare gli elementi del Sito web o anche stamparli, copiarli e memorizzarli sul disco rigido del proprio computer o su qualsiasi altro supporto fisico, purch\u00e9 sia esclusivamente per uso personale. L'Utente, tuttavia, non pu\u00f2 rimuovere, alterare o manipolare alcun dispositivo di protezione o sistema di sicurezza installato sul Sito web.<\/p><p>Nel caso in cui l'Utente o un terzo ritenga che uno qualsiasi dei Contenuti del Sito web comporti una violazione dei diritti di protezione della propriet\u00e0 intellettuale, dovr\u00e0 informare immediatamente\u00a0<span class=\"blanc-space ng-binding\">FESTIVAL SOLART<\/span>\u00a0tramite i dati di contatto riportati nella sezione INFORMAZIONI GENERALI del presente Avviso legale e Condizioni generali d'uso.<\/p><h3>VI. AZIONI LEGALI, LEGGE APPLICABILE E GIURISDIZIONE<\/h3><p><span class=\"blanc-space ng-binding\">FESTIVAL SOLART<\/span>\u00a0si riserva il diritto di intraprendere qualsiasi azione civile o penale che ritenga necessaria per l'uso improprio del Sito e dei suoi Contenuti, o per la violazione delle presenti Condizioni.<\/p><p>Il rapporto tra l'Utente e\u00a0<span class=\"blanc-space ng-binding\">FESTIVAL SOLART<\/span>\u00a0saranno disciplinate dalla normativa vigente e applicabile in territorio spagnolo. In caso di controversie relative all'interpretazione e\/o all'applicazione delle presenti Condizioni, le parti sottoporranno le loro controversie alla giurisdizione ordinaria, sottoponendosi ai giudici e ai tribunali corrispondenti secondo la legge.<\/p>\t\t\t\t\t\t\t\t<\/div>\n\t\t\t\t<\/div>\n\t\t\t\t\t<\/div>\n\t\t\t\t<\/div>\n\t\t\t\t<\/div>","protected":false},"excerpt":{"rendered":"<p>AVVISO LEGALE I. INFORMAZIONI GENERALI In ottemperanza all'obbligo di informazione previsto dalla Legge 34\/2002 sui Servizi della Societ\u00e0 dell'Informazione e del Commercio Elettronico (LSSI-CE) dell'11 luglio, vengono fornite le seguenti informazioni generali su questo sito web: La propriet\u00e0 di questo sito web, https:\/\/solartfestival.com\/, (in [...]<\/p>","protected":false},"author":1,"featured_media":0,"parent":0,"menu_order":0,"comment_status":"closed","ping_status":"closed","template":"","meta":{"inline_featured_image":false,"footnotes":""},"class_list":["post-232","page","type-page","status-publish","hentry"],"_links":{"self":[{"href":"https:\/\/solartfestival.com\/it\/wp-json\/wp\/v2\/pages\/232","targetHints":{"allow":["GET"]}}],"collection":[{"href":"https:\/\/solartfestival.com\/it\/wp-json\/wp\/v2\/pages"}],"about":[{"href":"https:\/\/solartfestival.com\/it\/wp-json\/wp\/v2\/types\/page"}],"author":[{"embeddable":true,"href":"https:\/\/solartfestival.com\/it\/wp-json\/wp\/v2\/users\/1"}],"replies":[{"embeddable":true,"href":"https:\/\/solartfestival.com\/it\/wp-json\/wp\/v2\/comments?post=232"}],"version-history":[{"count":7,"href":"https:\/\/solartfestival.com\/it\/wp-json\/wp\/v2\/pages\/232\/revisions"}],"predecessor-version":[{"id":240,"href":"https:\/\/solartfestival.com\/it\/wp-json\/wp\/v2\/pages\/232\/revisions\/240"}],"wp:attachment":[{"href":"https:\/\/solartfestival.com\/it\/wp-json\/wp\/v2\/media?parent=232"}],"curies":[{"name":"wp","href":"https:\/\/api.w.org\/{rel}","templated":true}]}}